{"id":12037,"date":"2025-08-08T12:23:37","date_gmt":"2025-08-08T12:23:37","guid":{"rendered":"https:\/\/sovereignpestcontrol.com\/?page_id=12037"},"modified":"2025-08-12T15:35:15","modified_gmt":"2025-08-12T15:35:15","slug":"resenas-en-linea","status":"publish","type":"page","link":"https:\/\/sovereignpestcontrol.com\/es\/online-reviews\/","title":{"rendered":"Opiniones de los clientes"},"content":{"rendered":"<p>[et_pb_section fb_built=&#8221;1&#8243; custom_padding_last_edited=&#8221;on|phone&#8221; disabled_on=&#8221;on|on|off&#8221; _builder_version=&#8221;4.27.4&#8243; _module_preset=&#8221;default&#8221; use_background_color_gradient=&#8221;on&#8221; background_color_gradient_direction=&#8221;270deg&#8221; background_color_gradient_stops=&#8221;rgba(0,0,0,0) 21%|rgba(10,10,10,0.86) 100%&#8221; background_color_gradient_overlays_image=&#8221;on&#8221; background_image=&#8221;https:\/\/sovereignpestcontrol.com\/wp-content\/uploads\/2022\/07\/34034325_m-1.jpg&#8221; custom_padding=&#8221;75px||75px||false|false&#8221; custom_padding_tablet=&#8221;250px||250px||false|false&#8221; custom_padding_phone=&#8221;85px||50px||false|false&#8221; background_last_edited=&#8221;off|desktop&#8221; use_background_color_gradient_phone=&#8221;on&#8221; background_color_gradient_stops_phone=&#8221;rgba(0,0,0,0.7) 0%|rgba(10,10,10,0.7) 100%&#8221; background_enable_mask_style_phone=&#8221;off&#8221; border_color_bottom=&#8221;#223d7d&#8221; global_colors_info=&#8221;{}&#8221;][et_pb_row column_structure=&#8221;1_2,1_2&#8243; _builder_version=&#8221;4.27.4&#8243; _module_preset=&#8221;default&#8221; global_colors_info=&#8221;{}&#8221;][et_pb_column type=&#8221;1_2&#8243; _builder_version=&#8221;4.27.4&#8243; _module_preset=&#8221;default&#8221; global_colors_info=&#8221;{}&#8221;][et_pb_text content_tablet=&#8221;<\/p>\n<h1>Fast, Safe &#038; Guaranteed<\/h1>\n<p>Serving Homes in Texas, Tennessee and Georgia Since 1994. We offer <strong>Exact Time Appointments<\/strong> at <strong>Affordable Rates <\/strong>for your convenience.<\/p>\n<p>&#8221; content_phone=&#8221;<\/p>\n<h1 style=%22text-align: center;%22>Reliable, Pet-Friendly Pest Solutions \u2014 On Your Schedule<\/h1>\n<p style=%22text-align: center;%22>Serving Homes in Texas, Tennessee and Georgia Since 1994. We offer <strong>Exact Time Appointments<\/strong> at <strong>Affordable Rates <\/strong>for your convenience.<\/p>\n<p>&#8221; content_last_edited=&#8221;off|desktop&#8221; _builder_version=&#8221;4.27.4&#8243; _module_preset=&#8221;default&#8221; text_font=&#8221;Montserrat|600|||||||&#8221; text_text_color=&#8221;#FFFFFF&#8221; text_font_size=&#8221;20px&#8221; header_font=&#8221;Montserrat|700|||||||&#8221; header_text_color=&#8221;#FFFFFF&#8221; header_font_size=&#8221;45px&#8221; custom_margin=&#8221;||40px|||&#8221; hover_enabled=&#8221;0&#8243; text_font_size_tablet=&#8221;20px&#8221; text_font_size_phone=&#8221;15px&#8221; text_font_size_last_edited=&#8221;on|phone&#8221; header_font_size_tablet=&#8221;50px&#8221; header_font_size_phone=&#8221;25px&#8221; header_font_size_last_edited=&#8221;on|phone&#8221; global_colors_info=&#8221;{}&#8221; sticky_enabled=&#8221;0&#8243;]<\/p>\n<h1>Customer Reviews<\/h1>\n<p>[\/et_pb_text][et_pb_button button_url=&#8221;https:\/\/sovereignpestcontrol.com\/appointments\/&#8221; button_text=&#8221;Schedule Free Quote&#8221; button_alignment_tablet=&#8221;&#8221; button_alignment_phone=&#8221;center&#8221; button_alignment_last_edited=&#8221;on|phone&#8221; _builder_version=&#8221;4.27.4&#8243; _module_preset=&#8221;default&#8221; custom_button=&#8221;on&#8221; button_text_size=&#8221;15px&#8221; button_text_color=&#8221;#016f38&#8243; button_bg_color=&#8221;#FFFFFF&#8221; button_border_width=&#8221;0px&#8221; button_border_radius=&#8221;2px&#8221; button_letter_spacing=&#8221;1px&#8221; button_font=&#8221;Montserrat|700||on|||||&#8221; custom_padding=&#8221;10px|25px|10px|25px|true|true&#8221; global_colors_info=&#8221;{}&#8221;][\/et_pb_button][\/et_pb_column][et_pb_column type=&#8221;1_2&#8243; _builder_version=&#8221;4.27.4&#8243; _module_preset=&#8221;default&#8221; global_colors_info=&#8221;{}&#8221;][\/et_pb_column][\/et_pb_row][\/et_pb_section][et_pb_section fb_built=&#8221;1&#8243; custom_padding_last_edited=&#8221;on|phone&#8221; disabled_on=&#8221;off|off|on&#8221; _builder_version=&#8221;4.27.4&#8243; _module_preset=&#8221;default&#8221; use_background_color_gradient=&#8221;on&#8221; background_color_gradient_direction=&#8221;270deg&#8221; background_color_gradient_stops=&#8221;rgba(0,0,0,0) 21%|rgba(10,10,10,0.86) 100%&#8221; background_color_gradient_overlays_image=&#8221;on&#8221; background_image=&#8221;https:\/\/sovereignpestcontrol.com\/wp-content\/uploads\/2022\/07\/34034325_m-1.jpg&#8221; custom_padding=&#8221;75px||75px||false|false&#8221; custom_padding_tablet=&#8221;250px||250px||false|false&#8221; custom_padding_phone=&#8221;85px||50px||false|false&#8221; background_last_edited=&#8221;off|desktop&#8221; use_background_color_gradient_phone=&#8221;on&#8221; background_color_gradient_stops_phone=&#8221;rgba(0,0,0,0.7) 0%|rgba(10,10,10,0.7) 100%&#8221; background_enable_mask_style_phone=&#8221;off&#8221; border_color_bottom=&#8221;#223d7d&#8221; global_colors_info=&#8221;{}&#8221;][et_pb_row _builder_version=&#8221;4.27.4&#8243; _module_preset=&#8221;default&#8221; global_colors_info=&#8221;{}&#8221;][et_pb_column type=&#8221;4_4&#8243; _builder_version=&#8221;4.27.4&#8243; _module_preset=&#8221;default&#8221; global_colors_info=&#8221;{}&#8221;][et_pb_text content_tablet=&#8221;<\/p>\n<h1>Fast, Safe &#038; Guaranteed<\/h1>\n<p>Serving Homes in Texas, Tennessee and Georgia Since 1994. We offer <strong>Exact Time Appointments<\/strong> at <strong>Affordable Rates <\/strong>for your convenience.<\/p>\n<p>&#8221; content_phone=&#8221;<\/p>\n<h1 style=%22text-align: center;%22>Reliable, Pet-Friendly Pest Solutions \u2014 On Your Schedule<\/h1>\n<p style=%22text-align: center;%22>Serving Homes in Texas, Tennessee and Georgia Since 1994. We offer <strong>Exact Time Appointments<\/strong> at <strong>Affordable Rates <\/strong>for your convenience.<\/p>\n<p>&#8221; content_last_edited=&#8221;off|desktop&#8221; _builder_version=&#8221;4.27.4&#8243; _module_preset=&#8221;default&#8221; text_font=&#8221;Montserrat|600|||||||&#8221; text_text_color=&#8221;#FFFFFF&#8221; text_font_size=&#8221;20px&#8221; header_font=&#8221;Montserrat|700|||||||&#8221; header_text_color=&#8221;#FFFFFF&#8221; header_font_size=&#8221;45px&#8221; custom_margin=&#8221;||40px|||&#8221; hover_enabled=&#8221;0&#8243; text_font_size_tablet=&#8221;20px&#8221; text_font_size_phone=&#8221;15px&#8221; text_font_size_last_edited=&#8221;on|phone&#8221; header_font_size_tablet=&#8221;50px&#8221; header_font_size_phone=&#8221;25px&#8221; header_font_size_last_edited=&#8221;on|phone&#8221; global_colors_info=&#8221;{}&#8221; sticky_enabled=&#8221;0&#8243;]<\/p>\n<h1>Customer Reviews<\/h1>\n<p>[\/et_pb_text][et_pb_button button_text=&#8221;Schedule Free Quote&#8221; button_alignment_tablet=&#8221;&#8221; button_alignment_phone=&#8221;center&#8221; button_alignment_last_edited=&#8221;on|phone&#8221; _builder_version=&#8221;4.27.4&#8243; _module_preset=&#8221;default&#8221; custom_button=&#8221;on&#8221; button_text_size=&#8221;15px&#8221; button_text_color=&#8221;#016f38&#8243; button_bg_color=&#8221;#FFFFFF&#8221; button_border_width=&#8221;0px&#8221; button_border_radius=&#8221;2px&#8221; button_letter_spacing=&#8221;1px&#8221; button_font=&#8221;Montserrat|700||on|||||&#8221; custom_padding=&#8221;10px|25px|10px|25px|true|true&#8221; global_colors_info=&#8221;{}&#8221;][\/et_pb_button][\/et_pb_column][\/et_pb_row][\/et_pb_section][et_pb_section fb_built=&#8221;1&#8243; _builder_version=&#8221;4.27.4&#8243; _module_preset=&#8221;default&#8221; background_color=&#8221;#223d7d&#8221; custom_padding=&#8221;0px||0px|||&#8221; global_colors_info=&#8221;{}&#8221;][et_pb_row _builder_version=&#8221;4.27.4&#8243; _module_preset=&#8221;default&#8221; custom_padding=&#8221;||0px|||&#8221; global_colors_info=&#8221;{}&#8221;][et_pb_column type=&#8221;4_4&#8243; _builder_version=&#8221;4.27.4&#8243; _module_preset=&#8221;default&#8221; global_colors_info=&#8221;{}&#8221;][et_pb_text content_tablet=&#8221;<\/p>\n<h1>Fast, Safe &#038; Guaranteed<\/h1>\n<p>Serving Homes in Texas, Tennessee and Georgia Since 1994. We offer <strong>Exact Time Appointments<\/strong> at <strong>Affordable Rates <\/strong>for your convenience.<\/p>\n<p>&#8221; content_phone=&#8221;<\/p>\n<h1 style=%22text-align: center;%22>Reliable, Pet-Friendly Pest Solutions \u2014 On Your Schedule<\/h1>\n<p style=%22text-align: center;%22>Serving Homes in Texas, Tennessee and Georgia Since 1994. We offer <strong>Exact Time Appointments<\/strong> at <strong>Affordable Rates <\/strong>for your convenience.<\/p>\n<p>&#8221; content_last_edited=&#8221;off|desktop&#8221; _builder_version=&#8221;4.27.4&#8243; _module_preset=&#8221;default&#8221; text_font=&#8221;Montserrat|600|||||||&#8221; text_text_color=&#8221;#FFFFFF&#8221; text_font_size=&#8221;20px&#8221; text_line_height=&#8221;1.6em&#8221; header_font=&#8221;Montserrat|700|||||||&#8221; header_text_color=&#8221;#FFFFFF&#8221; header_font_size=&#8221;45px&#8221; custom_margin=&#8221;||40px|||&#8221; hover_enabled=&#8221;0&#8243; text_font_size_tablet=&#8221;20px&#8221; text_font_size_phone=&#8221;15px&#8221; text_font_size_last_edited=&#8221;on|phone&#8221; header_font_size_tablet=&#8221;50px&#8221; header_font_size_phone=&#8221;25px&#8221; header_font_size_last_edited=&#8221;on|phone&#8221; global_colors_info=&#8221;{}&#8221; sticky_enabled=&#8221;0&#8243;]<\/p>\n<p style=\"text-align: center;\"><strong>Exact-time appointments<\/strong>, low-cost pricing, installment billing, and expert technicians are just the start.<br \/>We back it all with a <strong>100% Money Back Guarantee<\/strong>.<\/p>\n<p>[\/et_pb_text][\/et_pb_column][\/et_pb_row][\/et_pb_section]<\/p>\n","protected":false},"excerpt":{"rendered":"<p>Rese\u00f1as de clientesRese\u00f1as de clientesCitas a la hora exacta, precios econ\u00f3micos, facturaci\u00f3n a plazos y t\u00e9cnicos expertos son s\u00f3lo el principio.Lo respaldamos todo con una garant\u00eda de devoluci\u00f3n del dinero 100%.<\/p>","protected":false},"author":1,"featured_media":0,"parent":0,"menu_order":0,"comment_status":"closed","ping_status":"closed","template":"","meta":{"_et_pb_use_builder":"on","_et_pb_old_content":"","_et_gb_content_width":"","footnotes":""},"class_list":["post-12037","page","type-page","status-publish","hentry"],"yoast_head":"<!-- This site is optimized with the Yoast SEO plugin v27.3 - https:\/\/yoast.com\/product\/yoast-seo-wordpress\/ -->\n<title>Customer Reviews - Sovereign Pest Control<\/title>\n<meta name=\"description\" content=\"Customer Reviews\" \/>\n<meta name=\"robots\" content=\"index, follow, max-snippet:-1, max-image-preview:large, max-video-preview:-1\" \/>\n<link rel=\"canonical\" href=\"http:\/\/sovereignpestcontrol.com\/es\/resenas-en-linea\/\" \/>\n<meta property=\"og:locale\" content=\"es_MX\" \/>\n<meta property=\"og:type\" content=\"article\" \/>\n<meta property=\"og:title\" content=\"Customer Reviews - Sovereign Pest Control\" \/>\n<meta property=\"og:description\" content=\"Customer Reviews\" \/>\n<meta property=\"og:url\" content=\"http:\/\/sovereignpestcontrol.com\/es\/resenas-en-linea\/\" \/>\n<meta property=\"og:site_name\" content=\"Sovereign Pest Control\" \/>\n<meta property=\"article:publisher\" content=\"https:\/\/www.facebook.com\/sovereignpestcontrol\/\" \/>\n<meta property=\"article:modified_time\" content=\"2025-08-12T15:35:15+00:00\" \/>\n<meta name=\"twitter:card\" content=\"summary_large_image\" \/>\n<meta name=\"twitter:site\" content=\"@SovereignPestCo\" \/>\n<meta name=\"twitter:label1\" content=\"Tiempo de lectura\" \/>\n\t<meta name=\"twitter:data1\" content=\"1 minuto\" \/>\n<script type=\"application\/ld+json\" class=\"yoast-schema-graph\">{\"@context\":\"https:\\\/\\\/schema.org\",\"@graph\":[{\"@type\":\"WebPage\",\"@id\":\"http:\\\/\\\/sovereignpestcontrol.com\\\/es\\\/online-reviews\\\/\",\"url\":\"http:\\\/\\\/sovereignpestcontrol.com\\\/es\\\/online-reviews\\\/\",\"name\":\"Customer Reviews - Sovereign Pest Control\",\"isPartOf\":{\"@id\":\"https:\\\/\\\/sovereignpestcontrol.com\\\/#website\"},\"datePublished\":\"2025-08-08T12:23:37+00:00\",\"dateModified\":\"2025-08-12T15:35:15+00:00\",\"description\":\"Customer Reviews\",\"breadcrumb\":{\"@id\":\"http:\\\/\\\/sovereignpestcontrol.com\\\/es\\\/online-reviews\\\/#breadcrumb\"},\"inLanguage\":\"es\",\"potentialAction\":[{\"@type\":\"ReadAction\",\"target\":[\"http:\\\/\\\/sovereignpestcontrol.com\\\/es\\\/online-reviews\\\/\"]}]},{\"@type\":\"BreadcrumbList\",\"@id\":\"http:\\\/\\\/sovereignpestcontrol.com\\\/es\\\/online-reviews\\\/#breadcrumb\",\"itemListElement\":[{\"@type\":\"ListItem\",\"position\":1,\"name\":\"Home\",\"item\":\"https:\\\/\\\/sovereignpestcontrol.com\\\/\"},{\"@type\":\"ListItem\",\"position\":2,\"name\":\"Customer Reviews\"}]},{\"@type\":\"WebSite\",\"@id\":\"https:\\\/\\\/sovereignpestcontrol.com\\\/#website\",\"url\":\"https:\\\/\\\/sovereignpestcontrol.com\\\/\",\"name\":\"Sovereign Pest Control\",\"description\":\"Service When You Need It\",\"publisher\":{\"@id\":\"https:\\\/\\\/sovereignpestcontrol.com\\\/#organization\"},\"potentialAction\":[{\"@type\":\"SearchAction\",\"target\":{\"@type\":\"EntryPoint\",\"urlTemplate\":\"https:\\\/\\\/sovereignpestcontrol.com\\\/?s={search_term_string}\"},\"query-input\":{\"@type\":\"PropertyValueSpecification\",\"valueRequired\":true,\"valueName\":\"search_term_string\"}}],\"inLanguage\":\"es\"},{\"@type\":\"Organization\",\"@id\":\"https:\\\/\\\/sovereignpestcontrol.com\\\/#organization\",\"name\":\"Sovereign Pest Control\",\"url\":\"https:\\\/\\\/sovereignpestcontrol.com\\\/\",\"logo\":{\"@type\":\"ImageObject\",\"inLanguage\":\"es\",\"@id\":\"https:\\\/\\\/sovereignpestcontrol.com\\\/#\\\/schema\\\/logo\\\/image\\\/\",\"url\":\"https:\\\/\\\/sovereignpestcontrol.com\\\/wp-content\\\/uploads\\\/2025\\\/05\\\/SOVEREIGN_LOGO.png\",\"contentUrl\":\"https:\\\/\\\/sovereignpestcontrol.com\\\/wp-content\\\/uploads\\\/2025\\\/05\\\/SOVEREIGN_LOGO.png\",\"width\":1591,\"height\":347,\"caption\":\"Sovereign Pest Control\"},\"image\":{\"@id\":\"https:\\\/\\\/sovereignpestcontrol.com\\\/#\\\/schema\\\/logo\\\/image\\\/\"},\"sameAs\":[\"https:\\\/\\\/www.facebook.com\\\/sovereignpestcontrol\\\/\",\"https:\\\/\\\/x.com\\\/SovereignPestCo\"]}]}<\/script>\n<!-- \/ Yoast SEO plugin. -->","yoast_head_json":{"title":"Opiniones de clientes - Sovereign Pest Control","description":"Opiniones de los clientes","robots":{"index":"index","follow":"follow","max-snippet":"max-snippet:-1","max-image-preview":"max-image-preview:large","max-video-preview":"max-video-preview:-1"},"canonical":"http:\/\/sovereignpestcontrol.com\/es\/resenas-en-linea\/","og_locale":"es_MX","og_type":"article","og_title":"Customer Reviews - Sovereign Pest Control","og_description":"Customer Reviews","og_url":"http:\/\/sovereignpestcontrol.com\/es\/resenas-en-linea\/","og_site_name":"Sovereign Pest Control","article_publisher":"https:\/\/www.facebook.com\/sovereignpestcontrol\/","article_modified_time":"2025-08-12T15:35:15+00:00","twitter_card":"summary_large_image","twitter_site":"@SovereignPestCo","twitter_misc":{"Tiempo de lectura":"1 minuto"},"schema":{"@context":"https:\/\/schema.org","@graph":[{"@type":"WebPage","@id":"http:\/\/sovereignpestcontrol.com\/es\/online-reviews\/","url":"http:\/\/sovereignpestcontrol.com\/es\/online-reviews\/","name":"Opiniones de clientes - Sovereign Pest Control","isPartOf":{"@id":"https:\/\/sovereignpestcontrol.com\/#website"},"datePublished":"2025-08-08T12:23:37+00:00","dateModified":"2025-08-12T15:35:15+00:00","description":"Opiniones de los clientes","breadcrumb":{"@id":"http:\/\/sovereignpestcontrol.com\/es\/online-reviews\/#breadcrumb"},"inLanguage":"es","potentialAction":[{"@type":"ReadAction","target":["http:\/\/sovereignpestcontrol.com\/es\/online-reviews\/"]}]},{"@type":"BreadcrumbList","@id":"http:\/\/sovereignpestcontrol.com\/es\/online-reviews\/#breadcrumb","itemListElement":[{"@type":"ListItem","position":1,"name":"Home","item":"https:\/\/sovereignpestcontrol.com\/"},{"@type":"ListItem","position":2,"name":"Customer Reviews"}]},{"@type":"WebSite","@id":"https:\/\/sovereignpestcontrol.com\/#website","url":"https:\/\/sovereignpestcontrol.com\/","name":"Control soberano de plagas","description":"Servicio cuando lo necesita","publisher":{"@id":"https:\/\/sovereignpestcontrol.com\/#organization"},"potentialAction":[{"@type":"SearchAction","target":{"@type":"EntryPoint","urlTemplate":"https:\/\/sovereignpestcontrol.com\/?s={search_term_string}"},"query-input":{"@type":"PropertyValueSpecification","valueRequired":true,"valueName":"search_term_string"}}],"inLanguage":"es"},{"@type":"Organization","@id":"https:\/\/sovereignpestcontrol.com\/#organization","name":"Control soberano de plagas","url":"https:\/\/sovereignpestcontrol.com\/","logo":{"@type":"ImageObject","inLanguage":"es","@id":"https:\/\/sovereignpestcontrol.com\/#\/schema\/logo\/image\/","url":"https:\/\/sovereignpestcontrol.com\/wp-content\/uploads\/2025\/05\/SOVEREIGN_LOGO.png","contentUrl":"https:\/\/sovereignpestcontrol.com\/wp-content\/uploads\/2025\/05\/SOVEREIGN_LOGO.png","width":1591,"height":347,"caption":"Sovereign Pest Control"},"image":{"@id":"https:\/\/sovereignpestcontrol.com\/#\/schema\/logo\/image\/"},"sameAs":["https:\/\/www.facebook.com\/sovereignpestcontrol\/","https:\/\/x.com\/SovereignPestCo"]}]}},"_links":{"self":[{"href":"https:\/\/sovereignpestcontrol.com\/es\/wp-json\/wp\/v2\/pages\/12037","targetHints":{"allow":["GET"]}}],"collection":[{"href":"https:\/\/sovereignpestcontrol.com\/es\/wp-json\/wp\/v2\/pages"}],"about":[{"href":"https:\/\/sovereignpestcontrol.com\/es\/wp-json\/wp\/v2\/types\/page"}],"author":[{"embeddable":true,"href":"https:\/\/sovereignpestcontrol.com\/es\/wp-json\/wp\/v2\/users\/1"}],"replies":[{"embeddable":true,"href":"https:\/\/sovereignpestcontrol.com\/es\/wp-json\/wp\/v2\/comments?post=12037"}],"version-history":[{"count":5,"href":"https:\/\/sovereignpestcontrol.com\/es\/wp-json\/wp\/v2\/pages\/12037\/revisions"}],"predecessor-version":[{"id":12307,"href":"https:\/\/sovereignpestcontrol.com\/es\/wp-json\/wp\/v2\/pages\/12037\/revisions\/12307"}],"wp:attachment":[{"href":"https:\/\/sovereignpestcontrol.com\/es\/wp-json\/wp\/v2\/media?parent=12037"}],"curies":[{"name":"wp","href":"https:\/\/api.w.org\/{rel}","templated":true}]}}