{"id":3,"date":"2025-04-22T18:17:30","date_gmt":"2025-04-22T18:17:30","guid":{"rendered":"https:\/\/sovereignpestcontrol.com\/?page_id=3"},"modified":"2025-12-02T17:40:03","modified_gmt":"2025-12-02T17:40:03","slug":"politica-de-privacidad","status":"publish","type":"page","link":"https:\/\/sovereignpestcontrol.com\/es\/privacy-policy\/","title":{"rendered":"Pol\u00edtica de privacidad"},"content":{"rendered":"<p>Esta pol\u00edtica de privacidad revela las pr\u00e1cticas de privacidad de sovereignpestcontrol.com. Esta pol\u00edtica de privacidad se aplica \u00fanicamente a la informaci\u00f3n recogida por este sitio web. En ella se le informa de lo siguiente:<br \/>\n1. Qu\u00e9 informaci\u00f3n personal identificable se recopila de usted a trav\u00e9s del sitio web, c\u00f3mo se utiliza y con qui\u00e9n puede compartirse.<br \/>\n2. De qu\u00e9 opciones dispone en relaci\u00f3n con el uso de sus datos.<br \/>\n3. Los procedimientos de seguridad establecidos para proteger el uso indebido de su informaci\u00f3n.<br \/>\n4. C\u00f3mo puede corregir cualquier inexactitud en la informaci\u00f3n.<br \/>\nRecogida, uso e intercambio de informaci\u00f3n<br \/>\nSomos los \u00fanicos propietarios de la informaci\u00f3n recogida en este sitio. S\u00f3lo tenemos acceso a la informaci\u00f3n que usted nos facilita voluntariamente por correo electr\u00f3nico u otro medio de contacto directo. No venderemos ni alquilaremos esta informaci\u00f3n a nadie.<br \/>\nUtilizaremos sus datos para responderle en relaci\u00f3n con el motivo por el que se puso en contacto con nosotros. No compartiremos su informaci\u00f3n con ning\u00fan tercero ajeno a nuestra organizaci\u00f3n, salvo en la medida en que sea necesario para atender su solicitud, por ejemplo, para enviar documentaci\u00f3n por correo postal.<br \/>\nA menos que nos pida que no lo hagamos, es posible que nos pongamos en contacto con usted por correo electr\u00f3nico en el futuro para informarle sobre ofertas especiales, nuevos productos o servicios, o cambios en esta pol\u00edtica de privacidad.<br \/>\nAcceso y control de la informaci\u00f3n<br \/>\nEn cualquier momento puede darse de baja de nuestros futuros contactos. Puede hacerlo en cualquier momento poni\u00e9ndose en contacto con nosotros a trav\u00e9s de la direcci\u00f3n de correo electr\u00f3nico o el n\u00famero de tel\u00e9fono que figuran en nuestro sitio web:<br \/>\n- Ver qu\u00e9 datos tenemos sobre usted, si los hay.<br \/>\n- Modificar\/corregir cualquier dato que tengamos sobre usted.<br \/>\n- Pedirnos que borremos los datos que tenemos sobre usted.<br \/>\n- Expresar cualquier preocupaci\u00f3n que tenga sobre el uso que hacemos de sus datos.<br \/>\nDirecciones IP<br \/>\nPodemos recopilar informaci\u00f3n sobre su ordenador, incluida su direcci\u00f3n IP, sistema operativo y tipo de navegador, para la administraci\u00f3n del sistema y para proporcionar informaci\u00f3n agregada a nuestros anunciantes. Se trata de datos estad\u00edsticos sobre las acciones y patrones de navegaci\u00f3n de nuestros usuarios, y no identifica a ninguna persona.<br \/>\nCookies<br \/>\nEn este sitio utilizamos \u201ccookies\u201d. Una cookie es un fragmento de datos que se almacena en el disco duro del visitante para ayudarnos a mejorar su acceso a nuestro sitio e identificar a los visitantes habituales. Por ejemplo, si utilizamos una cookie para identificarle, no tendr\u00e1 que introducir una contrase\u00f1a m\u00e1s de una vez, con lo que ahorrar\u00e1 tiempo en nuestro sitio. Las cookies tambi\u00e9n nos permiten rastrear y orientar los intereses de nuestros usuarios para mejorar la experiencia en nuestro sitio. El uso de una cookie no est\u00e1 vinculado en modo alguno a ninguna informaci\u00f3n personal identificable en nuestro sitio.<br \/>\nSeguridad<br \/>\nTomamos precauciones para proteger su informaci\u00f3n. Cuando env\u00eda informaci\u00f3n sensible a trav\u00e9s del sitio web, sus datos est\u00e1n protegidos tanto en l\u00ednea como fuera de l\u00ednea.<br \/>\nLos datos de la tarjeta de cr\u00e9dito que recopilamos se codifican y se nos transmiten de forma segura. Puede comprobarlo buscando el icono de un candado cerrado en la parte inferior de su navegador o buscando \u201chttps\u201d al principio de la direcci\u00f3n de la p\u00e1gina web.<br \/>\nAunque utilizamos el cifrado para proteger la informaci\u00f3n confidencial transmitida en l\u00ednea, tambi\u00e9n protegemos su informaci\u00f3n fuera de l\u00ednea. S\u00f3lo los empleados que necesitan la informaci\u00f3n para realizar un trabajo espec\u00edfico (por ejemplo, facturaci\u00f3n o atenci\u00f3n al cliente) tienen acceso a la informaci\u00f3n de identificaci\u00f3n personal. Los ordenadores\/servidores en los que almacenamos la informaci\u00f3n de identificaci\u00f3n personal se mantienen en un entorno seguro.<br \/>\nActualizaciones<br \/>\nNuestra Pol\u00edtica de Privacidad puede cambiar de vez en cuando y todas las actualizaciones se publicar\u00e1n en esta p\u00e1gina.<br \/>\nSi cree que no estamos cumpliendo esta pol\u00edtica de privacidad, p\u00f3ngase en contacto con nosotros inmediatamente por tel\u00e9fono en el (804)-897-7747 o en web@southernpestcontrol.com.<\/p>","protected":false},"excerpt":{"rendered":"<p>This privacy policy discloses the privacy practices for sovereignpestcontrol.com. This privacy policy applies solely to information collected by this web site. It will notify you of the following: 1. What personally identifiable information is collected from you through the web site, how it is used and with whom it may be shared. 2. What choices [&hellip;]<\/p>\n","protected":false},"author":1,"featured_media":0,"parent":0,"menu_order":0,"comment_status":"closed","ping_status":"closed","template":"","meta":{"_et_pb_use_builder":"","_et_pb_old_content":"","_et_gb_content_width":"","footnotes":""},"class_list":["post-3","page","type-page","status-publish","hentry"],"yoast_head":"<!-- This site is optimized with the Yoast SEO plugin v27.4 - https:\/\/yoast.com\/product\/yoast-seo-wordpress\/ -->\n<title>Privacy Policy - Sovereign Pest Control<\/title>\n<meta name=\"description\" content=\"This privacy policy discloses the privacy practices for sovereignpestcontrol.com. This privacy policy applies solely to information collected by this web site.\" \/>\n<meta name=\"robots\" content=\"index, follow, max-snippet:-1, max-image-preview:large, max-video-preview:-1\" \/>\n<link rel=\"canonical\" href=\"https:\/\/sovereignpestcontrol.com\/es\/politica-de-privacidad\/\" \/>\n<meta property=\"og:locale\" content=\"es_MX\" \/>\n<meta property=\"og:type\" content=\"article\" \/>\n<meta property=\"og:title\" content=\"Privacy Policy - Sovereign Pest Control\" \/>\n<meta property=\"og:description\" content=\"This privacy policy discloses the privacy practices for sovereignpestcontrol.com. This privacy policy applies solely to information collected by this web site.\" \/>\n<meta property=\"og:url\" content=\"https:\/\/sovereignpestcontrol.com\/es\/politica-de-privacidad\/\" \/>\n<meta property=\"og:site_name\" content=\"Sovereign Pest Control\" \/>\n<meta property=\"article:publisher\" content=\"https:\/\/www.facebook.com\/sovereignpestcontrol\/\" \/>\n<meta property=\"article:modified_time\" content=\"2025-12-02T17:40:03+00:00\" \/>\n<meta name=\"twitter:card\" content=\"summary_large_image\" \/>\n<meta name=\"twitter:site\" content=\"@SovereignPestCo\" \/>\n<meta name=\"twitter:label1\" content=\"Tiempo de lectura\" \/>\n\t<meta name=\"twitter:data1\" content=\"3 minutos\" \/>\n<script type=\"application\/ld+json\" class=\"yoast-schema-graph\">{\"@context\":\"https:\\\/\\\/schema.org\",\"@graph\":[{\"@type\":\"WebPage\",\"@id\":\"https:\\\/\\\/sovereignpestcontrol.com\\\/privacy-policy\\\/\",\"url\":\"https:\\\/\\\/sovereignpestcontrol.com\\\/privacy-policy\\\/\",\"name\":\"Privacy Policy - Sovereign Pest Control\",\"isPartOf\":{\"@id\":\"https:\\\/\\\/sovereignpestcontrol.com\\\/#website\"},\"datePublished\":\"2025-04-22T18:17:30+00:00\",\"dateModified\":\"2025-12-02T17:40:03+00:00\",\"description\":\"This privacy policy discloses the privacy practices for sovereignpestcontrol.com. This privacy policy applies solely to information collected by this web site.\",\"breadcrumb\":{\"@id\":\"https:\\\/\\\/sovereignpestcontrol.com\\\/privacy-policy\\\/#breadcrumb\"},\"inLanguage\":\"es\",\"potentialAction\":[{\"@type\":\"ReadAction\",\"target\":[\"https:\\\/\\\/sovereignpestcontrol.com\\\/privacy-policy\\\/\"]}]},{\"@type\":\"BreadcrumbList\",\"@id\":\"https:\\\/\\\/sovereignpestcontrol.com\\\/privacy-policy\\\/#breadcrumb\",\"itemListElement\":[{\"@type\":\"ListItem\",\"position\":1,\"name\":\"Home\",\"item\":\"https:\\\/\\\/sovereignpestcontrol.com\\\/\"},{\"@type\":\"ListItem\",\"position\":2,\"name\":\"Privacy Policy\"}]},{\"@type\":\"WebSite\",\"@id\":\"https:\\\/\\\/sovereignpestcontrol.com\\\/#website\",\"url\":\"https:\\\/\\\/sovereignpestcontrol.com\\\/\",\"name\":\"Sovereign Pest Control\",\"description\":\"Service When You Need It\",\"publisher\":{\"@id\":\"https:\\\/\\\/sovereignpestcontrol.com\\\/#organization\"},\"potentialAction\":[{\"@type\":\"SearchAction\",\"target\":{\"@type\":\"EntryPoint\",\"urlTemplate\":\"https:\\\/\\\/sovereignpestcontrol.com\\\/?s={search_term_string}\"},\"query-input\":{\"@type\":\"PropertyValueSpecification\",\"valueRequired\":true,\"valueName\":\"search_term_string\"}}],\"inLanguage\":\"es\"},{\"@type\":\"Organization\",\"@id\":\"https:\\\/\\\/sovereignpestcontrol.com\\\/#organization\",\"name\":\"Sovereign Pest Control\",\"url\":\"https:\\\/\\\/sovereignpestcontrol.com\\\/\",\"logo\":{\"@type\":\"ImageObject\",\"inLanguage\":\"es\",\"@id\":\"https:\\\/\\\/sovereignpestcontrol.com\\\/#\\\/schema\\\/logo\\\/image\\\/\",\"url\":\"https:\\\/\\\/sovereignpestcontrol.com\\\/wp-content\\\/uploads\\\/2025\\\/05\\\/SOVEREIGN_LOGO.png\",\"contentUrl\":\"https:\\\/\\\/sovereignpestcontrol.com\\\/wp-content\\\/uploads\\\/2025\\\/05\\\/SOVEREIGN_LOGO.png\",\"width\":1591,\"height\":347,\"caption\":\"Sovereign Pest Control\"},\"image\":{\"@id\":\"https:\\\/\\\/sovereignpestcontrol.com\\\/#\\\/schema\\\/logo\\\/image\\\/\"},\"sameAs\":[\"https:\\\/\\\/www.facebook.com\\\/sovereignpestcontrol\\\/\",\"https:\\\/\\\/x.com\\\/SovereignPestCo\"]}]}<\/script>\n<!-- \/ Yoast SEO plugin. -->","yoast_head_json":{"title":"Pol\u00edtica de privacidad - Sovereign Pest Control","description":"Esta pol\u00edtica de privacidad divulga las pr\u00e1cticas de privacidad de sovereignpestcontrol.com. Esta pol\u00edtica de privacidad se aplica \u00fanicamente a la informaci\u00f3n recopilada por este sitio web.","robots":{"index":"index","follow":"follow","max-snippet":"max-snippet:-1","max-image-preview":"max-image-preview:large","max-video-preview":"max-video-preview:-1"},"canonical":"https:\/\/sovereignpestcontrol.com\/es\/politica-de-privacidad\/","og_locale":"es_MX","og_type":"article","og_title":"Privacy Policy - Sovereign Pest Control","og_description":"This privacy policy discloses the privacy practices for sovereignpestcontrol.com. This privacy policy applies solely to information collected by this web site.","og_url":"https:\/\/sovereignpestcontrol.com\/es\/politica-de-privacidad\/","og_site_name":"Sovereign Pest Control","article_publisher":"https:\/\/www.facebook.com\/sovereignpestcontrol\/","article_modified_time":"2025-12-02T17:40:03+00:00","twitter_card":"summary_large_image","twitter_site":"@SovereignPestCo","twitter_misc":{"Tiempo de lectura":"3 minutos"},"schema":{"@context":"https:\/\/schema.org","@graph":[{"@type":"WebPage","@id":"https:\/\/sovereignpestcontrol.com\/privacy-policy\/","url":"https:\/\/sovereignpestcontrol.com\/privacy-policy\/","name":"Pol\u00edtica de privacidad - Sovereign Pest Control","isPartOf":{"@id":"https:\/\/sovereignpestcontrol.com\/#website"},"datePublished":"2025-04-22T18:17:30+00:00","dateModified":"2025-12-02T17:40:03+00:00","description":"Esta pol\u00edtica de privacidad divulga las pr\u00e1cticas de privacidad de sovereignpestcontrol.com. Esta pol\u00edtica de privacidad se aplica \u00fanicamente a la informaci\u00f3n recopilada por este sitio web.","breadcrumb":{"@id":"https:\/\/sovereignpestcontrol.com\/privacy-policy\/#breadcrumb"},"inLanguage":"es","potentialAction":[{"@type":"ReadAction","target":["https:\/\/sovereignpestcontrol.com\/privacy-policy\/"]}]},{"@type":"BreadcrumbList","@id":"https:\/\/sovereignpestcontrol.com\/privacy-policy\/#breadcrumb","itemListElement":[{"@type":"ListItem","position":1,"name":"Home","item":"https:\/\/sovereignpestcontrol.com\/"},{"@type":"ListItem","position":2,"name":"Privacy Policy"}]},{"@type":"WebSite","@id":"https:\/\/sovereignpestcontrol.com\/#website","url":"https:\/\/sovereignpestcontrol.com\/","name":"Control soberano de plagas","description":"Servicio cuando lo necesita","publisher":{"@id":"https:\/\/sovereignpestcontrol.com\/#organization"},"potentialAction":[{"@type":"SearchAction","target":{"@type":"EntryPoint","urlTemplate":"https:\/\/sovereignpestcontrol.com\/?s={search_term_string}"},"query-input":{"@type":"PropertyValueSpecification","valueRequired":true,"valueName":"search_term_string"}}],"inLanguage":"es"},{"@type":"Organization","@id":"https:\/\/sovereignpestcontrol.com\/#organization","name":"Control soberano de plagas","url":"https:\/\/sovereignpestcontrol.com\/","logo":{"@type":"ImageObject","inLanguage":"es","@id":"https:\/\/sovereignpestcontrol.com\/#\/schema\/logo\/image\/","url":"https:\/\/sovereignpestcontrol.com\/wp-content\/uploads\/2025\/05\/SOVEREIGN_LOGO.png","contentUrl":"https:\/\/sovereignpestcontrol.com\/wp-content\/uploads\/2025\/05\/SOVEREIGN_LOGO.png","width":1591,"height":347,"caption":"Sovereign Pest Control"},"image":{"@id":"https:\/\/sovereignpestcontrol.com\/#\/schema\/logo\/image\/"},"sameAs":["https:\/\/www.facebook.com\/sovereignpestcontrol\/","https:\/\/x.com\/SovereignPestCo"]}]}},"_links":{"self":[{"href":"https:\/\/sovereignpestcontrol.com\/es\/wp-json\/wp\/v2\/pages\/3","targetHints":{"allow":["GET"]}}],"collection":[{"href":"https:\/\/sovereignpestcontrol.com\/es\/wp-json\/wp\/v2\/pages"}],"about":[{"href":"https:\/\/sovereignpestcontrol.com\/es\/wp-json\/wp\/v2\/types\/page"}],"author":[{"embeddable":true,"href":"https:\/\/sovereignpestcontrol.com\/es\/wp-json\/wp\/v2\/users\/1"}],"replies":[{"embeddable":true,"href":"https:\/\/sovereignpestcontrol.com\/es\/wp-json\/wp\/v2\/comments?post=3"}],"version-history":[{"count":1,"href":"https:\/\/sovereignpestcontrol.com\/es\/wp-json\/wp\/v2\/pages\/3\/revisions"}],"predecessor-version":[{"id":12688,"href":"https:\/\/sovereignpestcontrol.com\/es\/wp-json\/wp\/v2\/pages\/3\/revisions\/12688"}],"wp:attachment":[{"href":"https:\/\/sovereignpestcontrol.com\/es\/wp-json\/wp\/v2\/media?parent=3"}],"curies":[{"name":"wp","href":"https:\/\/api.w.org\/{rel}","templated":true}]}}